{"id":41,"date":"2023-04-04T22:23:33","date_gmt":"2023-04-04T21:23:33","guid":{"rendered":"https:\/\/villasainterose.com\/?page_id=41"},"modified":"2023-04-25T07:23:15","modified_gmt":"2023-04-25T06:23:15","slug":"home","status":"publish","type":"page","link":"https:\/\/villasainterose.com\/","title":{"rendered":"La Villa"},"content":{"rendered":"\t\t<div data-elementor-type=\"wp-page\" data-elementor-id=\"41\" class=\"elementor elementor-41\">\n\t\t\t\t\t\t\t\t\t<section class=\"elementor-section elementor-top-section elementor-element elementor-element-7117cfd3 elementor-section-full_width elementor-section-height-default elementor-section-height-default\" data-id=\"7117cfd3\" data-element_type=\"section\">\n\t\t\t\t\t\t<div class=\"elementor-container elementor-column-gap-no\">\n\t\t\t\t\t<div class=\"elementor-column elementor-col-50 elementor-top-column elementor-element elementor-element-4d9fd0be\" data-id=\"4d9fd0be\" data-element_type=\"column\">\n\t\t\t<div class=\"elementor-widget-wrap elementor-element-populated\">\n\t\t\t\t\t\t\t\t<div class=\"elementor-element elementor-element-1219eed8 elementor-widget elementor-widget-heading\" data-id=\"1219eed8\" data-element_type=\"widget\" data-widget_type=\"heading.default\">\n\t\t\t\t<div class=\"elementor-widget-container\">\n\t\t\t<style>\/*! elementor - v3.12.1 - 02-04-2023 *\/\n.elementor-heading-title{padding:0;margin:0;line-height:1}.elementor-widget-heading .elementor-heading-title[class*=elementor-size-]>a{color:inherit;font-size:inherit;line-height:inherit}.elementor-widget-heading .elementor-heading-title.elementor-size-small{font-size:15px}.elementor-widget-heading .elementor-heading-title.elementor-size-medium{font-size:19px}.elementor-widget-heading .elementor-heading-title.elementor-size-large{font-size:29px}.elementor-widget-heading .elementor-heading-title.elementor-size-xl{font-size:39px}.elementor-widget-heading .elementor-heading-title.elementor-size-xxl{font-size:59px}<\/style><h2 class=\"elementor-heading-title elementor-size-default\">Situ\u00e9e au centre d'Amn\u00e9ville-les-thermes (Moselle, France) la Villa Sainte-Rose vous accueille en location courte-dur\u00e9e pour vos s\u00e9jours en Lorraine dans un cadre agr\u00e9able.<\/h2>\t\t<\/div>\n\t\t\t\t<\/div>\n\t\t\t\t\t<\/div>\n\t\t<\/div>\n\t\t\t\t<div class=\"elementor-column elementor-col-50 elementor-top-column elementor-element elementor-element-34e2c59b\" data-id=\"34e2c59b\" data-element_type=\"column\">\n\t\t\t<div class=\"elementor-widget-wrap elementor-element-populated\">\n\t\t\t\t\t\t\t\t<div class=\"elementor-element elementor-element-349a3e80 elementor-widget__width-initial elementor-widget elementor-widget-image\" data-id=\"349a3e80\" data-element_type=\"widget\" data-widget_type=\"image.default\">\n\t\t\t\t<div class=\"elementor-widget-container\">\n\t\t\t<style>\/*! elementor - v3.12.1 - 02-04-2023 *\/\n.elementor-widget-image{text-align:center}.elementor-widget-image a{display:inline-block}.elementor-widget-image a img[src$=\".svg\"]{width:48px}.elementor-widget-image img{vertical-align:middle;display:inline-block}<\/style>\t\t\t\t\t\t\t\t\t\t\t\t<img loading=\"lazy\" decoding=\"async\" width=\"768\" height=\"575\" src=\"https:\/\/villasainterose.com\/wp-content\/uploads\/2023\/04\/IMG_20221110_132925-768x575.jpg\" class=\"attachment-medium_large size-medium_large wp-image-66\" alt=\"\" srcset=\"https:\/\/villasainterose.com\/wp-content\/uploads\/2023\/04\/IMG_20221110_132925-768x575.jpg 768w, https:\/\/villasainterose.com\/wp-content\/uploads\/2023\/04\/IMG_20221110_132925-300x224.jpg 300w, https:\/\/villasainterose.com\/wp-content\/uploads\/2023\/04\/IMG_20221110_132925-1024x766.jpg 1024w, https:\/\/villasainterose.com\/wp-content\/uploads\/2023\/04\/IMG_20221110_132925-1536x1149.jpg 1536w, https:\/\/villasainterose.com\/wp-content\/uploads\/2023\/04\/IMG_20221110_132925-2048x1532.jpg 2048w\" sizes=\"auto, (max-width: 768px) 100vw, 768px\" \/>\t\t\t\t\t\t\t\t\t\t\t\t\t\t\t<\/div>\n\t\t\t\t<\/div>\n\t\t\t\t\t<\/div>\n\t\t<\/div>\n\t\t\t\t\t\t\t<\/div>\n\t\t<\/section>\n\t\t\t\t<section class=\"elementor-section elementor-top-section elementor-element elementor-element-eff8837 elementor-section-full_width elementor-reverse-tablet elementor-reverse-mobile elementor-section-height-default elementor-section-height-default\" data-id=\"eff8837\" data-element_type=\"section\">\n\t\t\t\t\t\t<div class=\"elementor-container elementor-column-gap-wider\">\n\t\t\t\t\t<div class=\"elementor-column elementor-col-50 elementor-top-column elementor-element elementor-element-1af3693e\" data-id=\"1af3693e\" data-element_type=\"column\">\n\t\t\t<div class=\"elementor-widget-wrap elementor-element-populated\">\n\t\t\t\t\t\t\t\t<div class=\"elementor-element elementor-element-4119433e elementor-widget elementor-widget-image\" data-id=\"4119433e\" data-element_type=\"widget\" data-widget_type=\"image.default\">\n\t\t\t\t<div class=\"elementor-widget-container\">\n\t\t\t\t\t\t\t\t\t\t\t\t\t\t\t\t<a href=\"https:\/\/villasainterose.com\/?page_id=2\">\n\t\t\t\t\t\t\t<img loading=\"lazy\" decoding=\"async\" width=\"768\" height=\"576\" src=\"https:\/\/villasainterose.com\/wp-content\/uploads\/2023\/04\/IMG_20221110_125226-768x576.jpg\" class=\"attachment-medium_large size-medium_large wp-image-74\" alt=\"\" srcset=\"https:\/\/villasainterose.com\/wp-content\/uploads\/2023\/04\/IMG_20221110_125226-768x576.jpg 768w, https:\/\/villasainterose.com\/wp-content\/uploads\/2023\/04\/IMG_20221110_125226-300x225.jpg 300w, https:\/\/villasainterose.com\/wp-content\/uploads\/2023\/04\/IMG_20221110_125226-1024x768.jpg 1024w, https:\/\/villasainterose.com\/wp-content\/uploads\/2023\/04\/IMG_20221110_125226-1536x1152.jpg 1536w, https:\/\/villasainterose.com\/wp-content\/uploads\/2023\/04\/IMG_20221110_125226-2048x1536.jpg 2048w\" sizes=\"auto, (max-width: 768px) 100vw, 768px\" \/>\t\t\t\t\t\t\t\t<\/a>\n\t\t\t\t\t\t\t\t\t\t\t\t\t\t\t<\/div>\n\t\t\t\t<\/div>\n\t\t\t\t\t<\/div>\n\t\t<\/div>\n\t\t\t\t<div class=\"elementor-column elementor-col-50 elementor-top-column elementor-element elementor-element-9438864\" data-id=\"9438864\" data-element_type=\"column\">\n\t\t\t<div class=\"elementor-widget-wrap elementor-element-populated\">\n\t\t\t\t\t\t\t\t<div class=\"elementor-element elementor-element-6905641 elementor-widget elementor-widget-heading\" data-id=\"6905641\" data-element_type=\"widget\" data-widget_type=\"heading.default\">\n\t\t\t\t<div class=\"elementor-widget-container\">\n\t\t\t<h2 class=\"elementor-heading-title elementor-size-default\"><a href=\"https:\/\/villasainterose.com\/?page_id=2\">Maison 3 chambres pour 7 personnes.<\/a><\/h2>\t\t<\/div>\n\t\t\t\t<\/div>\n\t\t\t\t<div class=\"elementor-element elementor-element-3b78fb7e elementor-widget elementor-widget-text-editor\" data-id=\"3b78fb7e\" data-element_type=\"widget\" data-widget_type=\"text-editor.default\">\n\t\t\t\t<div class=\"elementor-widget-container\">\n\t\t\t<style>\/*! elementor - v3.12.1 - 02-04-2023 *\/\n.elementor-widget-text-editor.elementor-drop-cap-view-stacked .elementor-drop-cap{background-color:#69727d;color:#fff}.elementor-widget-text-editor.elementor-drop-cap-view-framed .elementor-drop-cap{color:#69727d;border:3px solid;background-color:transparent}.elementor-widget-text-editor:not(.elementor-drop-cap-view-default) .elementor-drop-cap{margin-top:8px}.elementor-widget-text-editor:not(.elementor-drop-cap-view-default) .elementor-drop-cap-letter{width:1em;height:1em}.elementor-widget-text-editor .elementor-drop-cap{float:left;text-align:center;line-height:1;font-size:50px}.elementor-widget-text-editor .elementor-drop-cap-letter{display:inline-block}<\/style>\t\t\t\t<p>Depuis le grand hall d&#8217;entr\u00e9e vous acc\u00e9dez au premier \u00e9tage par un escalier en marbre majestueux. Le s\u00e9jour spacieux et lumineux, une grande baie vitr\u00e9e donnant sur une immense terrasse avec vue sur le jardin. Sa cuisine ind\u00e9pendante et \u00e9quip\u00e9e donnant sur la m\u00eame terrasse. Ses 3 chambres confortables et \u00e9pur\u00e9es.&nbsp; Sa grande salle de bain et le WC s\u00e9par\u00e9 compl\u00e8tent le bien.<\/p>\t\t\t\t\t\t<\/div>\n\t\t\t\t<\/div>\n\t\t\t\t<div class=\"elementor-element elementor-element-5c0acb1c elementor-button-info elementor-widget elementor-widget-button\" data-id=\"5c0acb1c\" data-element_type=\"widget\" data-widget_type=\"button.default\">\n\t\t\t\t<div class=\"elementor-widget-container\">\n\t\t\t\t\t<div class=\"elementor-button-wrapper\">\n\t\t\t<a href=\"https:\/\/villasainterose.com\/?page_id=2\" class=\"elementor-button-link elementor-button elementor-size-md elementor-animation-shrink\" role=\"button\">\n\t\t\t\t\t\t<span class=\"elementor-button-content-wrapper\">\n\t\t\t\t\t\t<span class=\"elementor-button-text\">Plus de d\u00e9tails ><\/span>\n\t\t<\/span>\n\t\t\t\t\t<\/a>\n\t\t<\/div>\n\t\t\t\t<\/div>\n\t\t\t\t<\/div>\n\t\t\t\t\t<\/div>\n\t\t<\/div>\n\t\t\t\t\t\t\t<\/div>\n\t\t<\/section>\n\t\t\t\t<section class=\"elementor-section elementor-top-section elementor-element elementor-element-c29794b elementor-section-full_width elementor-reverse-tablet elementor-reverse-mobile elementor-section-height-default elementor-section-height-default\" data-id=\"c29794b\" data-element_type=\"section\">\n\t\t\t\t\t\t<div class=\"elementor-container elementor-column-gap-wider\">\n\t\t\t\t\t<div class=\"elementor-column elementor-col-50 elementor-top-column elementor-element elementor-element-dee0d83\" data-id=\"dee0d83\" data-element_type=\"column\">\n\t\t\t<div class=\"elementor-widget-wrap elementor-element-populated\">\n\t\t\t\t\t\t\t\t<div class=\"elementor-element elementor-element-9d06950 elementor-widget elementor-widget-image\" data-id=\"9d06950\" data-element_type=\"widget\" data-widget_type=\"image.default\">\n\t\t\t\t<div class=\"elementor-widget-container\">\n\t\t\t\t\t\t\t\t\t\t\t\t\t\t\t\t<a href=\"https:\/\/villasainterose.com\/?page_id=3\">\n\t\t\t\t\t\t\t<img loading=\"lazy\" decoding=\"async\" width=\"768\" height=\"575\" src=\"https:\/\/villasainterose.com\/wp-content\/uploads\/2023\/04\/IMG_2-768x575.jpg\" class=\"attachment-medium_large size-medium_large wp-image-81\" alt=\"\" srcset=\"https:\/\/villasainterose.com\/wp-content\/uploads\/2023\/04\/IMG_2-768x575.jpg 768w, https:\/\/villasainterose.com\/wp-content\/uploads\/2023\/04\/IMG_2-300x224.jpg 300w, https:\/\/villasainterose.com\/wp-content\/uploads\/2023\/04\/IMG_2-1024x766.jpg 1024w, https:\/\/villasainterose.com\/wp-content\/uploads\/2023\/04\/IMG_2-1536x1149.jpg 1536w, https:\/\/villasainterose.com\/wp-content\/uploads\/2023\/04\/IMG_2-2048x1532.jpg 2048w\" sizes=\"auto, (max-width: 768px) 100vw, 768px\" \/>\t\t\t\t\t\t\t\t<\/a>\n\t\t\t\t\t\t\t\t\t\t\t\t\t\t\t<\/div>\n\t\t\t\t<\/div>\n\t\t\t\t\t<\/div>\n\t\t<\/div>\n\t\t\t\t<div class=\"elementor-column elementor-col-50 elementor-top-column elementor-element elementor-element-ff050b7\" data-id=\"ff050b7\" data-element_type=\"column\">\n\t\t\t<div class=\"elementor-widget-wrap elementor-element-populated\">\n\t\t\t\t\t\t\t\t<div class=\"elementor-element elementor-element-d81bef7 elementor-widget elementor-widget-heading\" data-id=\"d81bef7\" data-element_type=\"widget\" data-widget_type=\"heading.default\">\n\t\t\t\t<div class=\"elementor-widget-container\">\n\t\t\t<h2 class=\"elementor-heading-title elementor-size-default\"><a href=\"https:\/\/villasainterose.com\/?page_id=3\">Appartement une chambre pour 3 personnes.<\/a><\/h2>\t\t<\/div>\n\t\t\t\t<\/div>\n\t\t\t\t<div class=\"elementor-element elementor-element-4f4f80d elementor-widget elementor-widget-text-editor\" data-id=\"4f4f80d\" data-element_type=\"widget\" data-widget_type=\"text-editor.default\">\n\t\t\t\t<div class=\"elementor-widget-container\">\n\t\t\t\t\t\t\t<p>Situ\u00e9 au rez-de-chauss\u00e9e c\u00f4t\u00e9 jardin, le s\u00e9jour comprend une grande baie vitr\u00e9e, une cuisine \u00e9quip\u00e9e ouverte, un canap\u00e9-lit, une TV, une table \u00e0 manger avec 4 chaises. La chambre comprend un lit pour deux personnes (140cm). Une salle de bain avec douche et WC compl\u00e8te le bien.<\/p>\t\t\t\t\t\t<\/div>\n\t\t\t\t<\/div>\n\t\t\t\t<div class=\"elementor-element elementor-element-9412a40 elementor-widget elementor-widget-button\" data-id=\"9412a40\" data-element_type=\"widget\" data-widget_type=\"button.default\">\n\t\t\t\t<div class=\"elementor-widget-container\">\n\t\t\t\t\t<div class=\"elementor-button-wrapper\">\n\t\t\t<a href=\"https:\/\/villasainterose.com\/?page_id=3\" class=\"elementor-button-link elementor-button elementor-size-md elementor-animation-shrink\" role=\"button\">\n\t\t\t\t\t\t<span class=\"elementor-button-content-wrapper\">\n\t\t\t\t\t\t<span class=\"elementor-button-text\">Plus de d\u00e9tails><\/span>\n\t\t<\/span>\n\t\t\t\t\t<\/a>\n\t\t<\/div>\n\t\t\t\t<\/div>\n\t\t\t\t<\/div>\n\t\t\t\t\t<\/div>\n\t\t<\/div>\n\t\t\t\t\t\t\t<\/div>\n\t\t<\/section>\n\t\t\t\t<section class=\"elementor-section elementor-top-section elementor-element elementor-element-7112b529 elementor-section-full_width elementor-section-height-default elementor-section-height-default\" data-id=\"7112b529\" data-element_type=\"section\">\n\t\t\t\t\t\t<div class=\"elementor-container elementor-column-gap-default\">\n\t\t\t\t\t<div class=\"elementor-column elementor-col-33 elementor-top-column elementor-element elementor-element-42d95eea\" data-id=\"42d95eea\" data-element_type=\"column\">\n\t\t\t<div class=\"elementor-widget-wrap elementor-element-populated\">\n\t\t\t\t\t\t\t\t<div class=\"elementor-element elementor-element-65879ee1 elementor-widget elementor-widget-testimonial\" data-id=\"65879ee1\" data-element_type=\"widget\" data-widget_type=\"testimonial.default\">\n\t\t\t\t<div class=\"elementor-widget-container\">\n\t\t\t<style>\/*! elementor - v3.12.1 - 02-04-2023 *\/\n.elementor-testimonial-wrapper{overflow:hidden;text-align:center}.elementor-testimonial-wrapper .elementor-testimonial-content{font-size:1.3em;margin-bottom:20px}.elementor-testimonial-wrapper .elementor-testimonial-name{line-height:1.5;display:block}.elementor-testimonial-wrapper .elementor-testimonial-job{font-size:.85em;display:block}.elementor-testimonial-wrapper .elementor-testimonial-meta{width:100%;line-height:1}.elementor-testimonial-wrapper .elementor-testimonial-meta-inner{display:inline-block}.elementor-testimonial-wrapper .elementor-testimonial-meta .elementor-testimonial-details,.elementor-testimonial-wrapper .elementor-testimonial-meta .elementor-testimonial-image{display:table-cell;vertical-align:middle}.elementor-testimonial-wrapper .elementor-testimonial-meta .elementor-testimonial-image img{width:60px;height:60px;border-radius:50%;-o-object-fit:cover;object-fit:cover;max-width:none}.elementor-testimonial-wrapper .elementor-testimonial-meta.elementor-testimonial-image-position-aside .elementor-testimonial-image{padding-right:15px}.elementor-testimonial-wrapper .elementor-testimonial-meta.elementor-testimonial-image-position-aside .elementor-testimonial-details{text-align:left}.elementor-testimonial-wrapper .elementor-testimonial-meta.elementor-testimonial-image-position-top .elementor-testimonial-details,.elementor-testimonial-wrapper .elementor-testimonial-meta.elementor-testimonial-image-position-top .elementor-testimonial-image{display:block}.elementor-testimonial-wrapper .elementor-testimonial-meta.elementor-testimonial-image-position-top .elementor-testimonial-image{margin-bottom:20px}<\/style>\t\t<div class=\"elementor-testimonial-wrapper\">\n\t\t\t\t\t\t\t<div class=\"elementor-testimonial-content\">La Ville de Metz \u00e0 seulement 20 minutes par l'autoroute A31 vers le sud. Cette ville vous surprendra par son architecture et son dynamisme<\/div>\n\t\t\t\n\t\t\t\t\t<\/div>\n\t\t\t\t<\/div>\n\t\t\t\t<\/div>\n\t\t\t\t<div class=\"elementor-element elementor-element-2126502 e-transform elementor-widget elementor-widget-image\" data-id=\"2126502\" data-element_type=\"widget\" data-settings=\"{&quot;_transform_scale_effect&quot;:{&quot;unit&quot;:&quot;px&quot;,&quot;size&quot;:0.8,&quot;sizes&quot;:[]},&quot;_transform_scale_effect_tablet&quot;:{&quot;unit&quot;:&quot;px&quot;,&quot;size&quot;:&quot;&quot;,&quot;sizes&quot;:[]},&quot;_transform_scale_effect_mobile&quot;:{&quot;unit&quot;:&quot;px&quot;,&quot;size&quot;:&quot;&quot;,&quot;sizes&quot;:[]}}\" data-widget_type=\"image.default\">\n\t\t\t\t<div class=\"elementor-widget-container\">\n\t\t\t\t\t\t\t\t\t\t\t\t\t\t\t<img loading=\"lazy\" decoding=\"async\" width=\"768\" height=\"768\" src=\"https:\/\/villasainterose.com\/wp-content\/uploads\/2023\/04\/cathedrale-de-metz-768x768.jpg\" class=\"attachment-medium_large size-medium_large wp-image-80\" alt=\"\" srcset=\"https:\/\/villasainterose.com\/wp-content\/uploads\/2023\/04\/cathedrale-de-metz-768x768.jpg 768w, https:\/\/villasainterose.com\/wp-content\/uploads\/2023\/04\/cathedrale-de-metz-300x300.jpg 300w, https:\/\/villasainterose.com\/wp-content\/uploads\/2023\/04\/cathedrale-de-metz-150x150.jpg 150w, https:\/\/villasainterose.com\/wp-content\/uploads\/2023\/04\/cathedrale-de-metz.jpg 1000w\" sizes=\"auto, (max-width: 768px) 100vw, 768px\" \/>\t\t\t\t\t\t\t\t\t\t\t\t\t\t\t<\/div>\n\t\t\t\t<\/div>\n\t\t\t\t\t<\/div>\n\t\t<\/div>\n\t\t\t\t<div class=\"elementor-column elementor-col-33 elementor-top-column elementor-element elementor-element-4f5f6ad5\" data-id=\"4f5f6ad5\" data-element_type=\"column\">\n\t\t\t<div class=\"elementor-widget-wrap elementor-element-populated\">\n\t\t\t\t\t\t\t\t<div class=\"elementor-element elementor-element-656963c9 elementor-widget elementor-widget-image\" data-id=\"656963c9\" data-element_type=\"widget\" data-widget_type=\"image.default\">\n\t\t\t\t<div class=\"elementor-widget-container\">\n\t\t\t\t\t\t\t\t\t\t\t\t\t\t\t<img loading=\"lazy\" decoding=\"async\" width=\"700\" height=\"360\" src=\"https:\/\/villasainterose.com\/wp-content\/uploads\/2023\/04\/visuels-spl-destination-amneville.jpg\" class=\"attachment-large size-large wp-image-85\" alt=\"\" srcset=\"https:\/\/villasainterose.com\/wp-content\/uploads\/2023\/04\/visuels-spl-destination-amneville.jpg 700w, https:\/\/villasainterose.com\/wp-content\/uploads\/2023\/04\/visuels-spl-destination-amneville-300x154.jpg 300w\" sizes=\"auto, (max-width: 700px) 100vw, 700px\" \/>\t\t\t\t\t\t\t\t\t\t\t\t\t\t\t<\/div>\n\t\t\t\t<\/div>\n\t\t\t\t<div class=\"elementor-element elementor-element-233307c elementor-widget elementor-widget-text-editor\" data-id=\"233307c\" data-element_type=\"widget\" data-widget_type=\"text-editor.default\">\n\t\t\t\t<div class=\"elementor-widget-container\">\n\t\t\t\t\t\t\t<p>La Cit\u00e9 des Loisirs \u00e0 Amn\u00e9ville<br \/>Le centre thermal et touristique constitue la premi\u00e8re destination Loisirs de la r\u00e9gion Grand-Est.<\/p>\t\t\t\t\t\t<\/div>\n\t\t\t\t<\/div>\n\t\t\t\t\t<\/div>\n\t\t<\/div>\n\t\t\t\t<div class=\"elementor-column elementor-col-33 elementor-top-column elementor-element elementor-element-18584670\" data-id=\"18584670\" data-element_type=\"column\">\n\t\t\t<div class=\"elementor-widget-wrap elementor-element-populated\">\n\t\t\t\t\t\t\t\t<div class=\"elementor-element elementor-element-549d7cb0 elementor-widget elementor-widget-testimonial\" data-id=\"549d7cb0\" data-element_type=\"widget\" data-widget_type=\"testimonial.default\">\n\t\t\t\t<div class=\"elementor-widget-container\">\n\t\t\t\t\t<div class=\"elementor-testimonial-wrapper\">\n\t\t\t\t\t\t\t<div class=\"elementor-testimonial-content\">Thionville ainsi que le Luxembourg se situent \u00e0 respectivement 10 et 30 minutes de la Villa Sainte-Rose par l'Autoroute A31 vers le nord<\/div>\n\t\t\t\n\t\t\t\t\t<\/div>\n\t\t\t\t<\/div>\n\t\t\t\t<\/div>\n\t\t\t\t<div class=\"elementor-element elementor-element-29afde07 e-transform e-transform elementor-widget elementor-widget-image\" data-id=\"29afde07\" data-element_type=\"widget\" data-settings=\"{&quot;_transform_translateX_effect&quot;:{&quot;unit&quot;:&quot;px&quot;,&quot;size&quot;:37,&quot;sizes&quot;:[]},&quot;_transform_scale_effect&quot;:{&quot;unit&quot;:&quot;px&quot;,&quot;size&quot;:0.9,&quot;sizes&quot;:[]},&quot;_transform_translateX_effect_tablet&quot;:{&quot;unit&quot;:&quot;px&quot;,&quot;size&quot;:&quot;&quot;,&quot;sizes&quot;:[]},&quot;_transform_translateX_effect_mobile&quot;:{&quot;unit&quot;:&quot;px&quot;,&quot;size&quot;:&quot;&quot;,&quot;sizes&quot;:[]},&quot;_transform_translateY_effect&quot;:{&quot;unit&quot;:&quot;px&quot;,&quot;size&quot;:&quot;&quot;,&quot;sizes&quot;:[]},&quot;_transform_translateY_effect_tablet&quot;:{&quot;unit&quot;:&quot;px&quot;,&quot;size&quot;:&quot;&quot;,&quot;sizes&quot;:[]},&quot;_transform_translateY_effect_mobile&quot;:{&quot;unit&quot;:&quot;px&quot;,&quot;size&quot;:&quot;&quot;,&quot;sizes&quot;:[]},&quot;_transform_scale_effect_tablet&quot;:{&quot;unit&quot;:&quot;px&quot;,&quot;size&quot;:&quot;&quot;,&quot;sizes&quot;:[]},&quot;_transform_scale_effect_mobile&quot;:{&quot;unit&quot;:&quot;px&quot;,&quot;size&quot;:&quot;&quot;,&quot;sizes&quot;:[]}}\" data-widget_type=\"image.default\">\n\t\t\t\t<div class=\"elementor-widget-container\">\n\t\t\t\t\t\t\t\t\t\t\t\t\t\t\t<img loading=\"lazy\" decoding=\"async\" width=\"800\" height=\"450\" src=\"https:\/\/villasainterose.com\/wp-content\/uploads\/2023\/04\/15-things-luxembourg-1024x576.jpg\" class=\"attachment-large size-large wp-image-90\" alt=\"\" srcset=\"https:\/\/villasainterose.com\/wp-content\/uploads\/2023\/04\/15-things-luxembourg-1024x576.jpg 1024w, https:\/\/villasainterose.com\/wp-content\/uploads\/2023\/04\/15-things-luxembourg-300x169.jpg 300w, https:\/\/villasainterose.com\/wp-content\/uploads\/2023\/04\/15-things-luxembourg-768x432.jpg 768w, https:\/\/villasainterose.com\/wp-content\/uploads\/2023\/04\/15-things-luxembourg-1536x864.jpg 1536w, https:\/\/villasainterose.com\/wp-content\/uploads\/2023\/04\/15-things-luxembourg.jpg 1600w\" sizes=\"auto, (max-width: 800px) 100vw, 800px\" \/>\t\t\t\t\t\t\t\t\t\t\t\t\t\t\t<\/div>\n\t\t\t\t<\/div>\n\t\t\t\t\t<\/div>\n\t\t<\/div>\n\t\t\t\t\t\t\t<\/div>\n\t\t<\/section>\n\t\t\t\t<section class=\"elementor-section elementor-top-section elementor-element elementor-element-c7ce683 elementor-section-full_width elementor-section-height-default elementor-section-height-default\" data-id=\"c7ce683\" data-element_type=\"section\">\n\t\t\t\t\t\t<div class=\"elementor-container elementor-column-gap-default\">\n\t\t\t\t\t<div class=\"elementor-column elementor-col-100 elementor-top-column elementor-element elementor-element-0aa093b\" data-id=\"0aa093b\" data-element_type=\"column\">\n\t\t\t<div class=\"elementor-widget-wrap\">\n\t\t\t\t\t\t\t\t\t<\/div>\n\t\t<\/div>\n\t\t\t\t\t\t\t<\/div>\n\t\t<\/section>\n\t\t\t\t<section class=\"elementor-section elementor-top-section elementor-element elementor-element-4df9b38f elementor-section-full_width elementor-section-height-default elementor-section-height-default\" data-id=\"4df9b38f\" data-element_type=\"section\">\n\t\t\t\t\t\t<div class=\"elementor-container elementor-column-gap-default\">\n\t\t\t\t\t<div class=\"elementor-column elementor-col-50 elementor-top-column elementor-element elementor-element-1840df41\" data-id=\"1840df41\" data-element_type=\"column\">\n\t\t\t<div class=\"elementor-widget-wrap elementor-element-populated\">\n\t\t\t\t\t\t\t\t<div class=\"elementor-element elementor-element-6d9502aa elementor-widget elementor-widget-heading\" data-id=\"6d9502aa\" data-element_type=\"widget\" data-widget_type=\"heading.default\">\n\t\t\t\t<div class=\"elementor-widget-container\">\n\t\t\t<h2 class=\"elementor-heading-title elementor-size-default\">Villa Sainte-Rose<br>rue Charles P\u00e9guy<br>57360 Amn\u00e9ville-les-thermes<br>R\u00e9gion Grand-Est<br>FRANCE<\/h2>\t\t<\/div>\n\t\t\t\t<\/div>\n\t\t\t\t\t<\/div>\n\t\t<\/div>\n\t\t\t\t<div class=\"elementor-column elementor-col-50 elementor-top-column elementor-element elementor-element-1505fbd\" data-id=\"1505fbd\" data-element_type=\"column\">\n\t\t\t<div class=\"elementor-widget-wrap elementor-element-populated\">\n\t\t\t\t\t\t\t\t<div class=\"elementor-element elementor-element-48e429f elementor-widget__width-initial elementor-widget elementor-widget-heading\" data-id=\"48e429f\" data-element_type=\"widget\" data-widget_type=\"heading.default\">\n\t\t\t\t<div class=\"elementor-widget-container\">\n\t\t\t<h2 class=\"elementor-heading-title elementor-size-default\">R\u00e9servation:\nvillasainterose57@gmail.com<br>Tel\/SMS:       +33(0)764458174<\/h2>\t\t<\/div>\n\t\t\t\t<\/div>\n\t\t\t\t\t<\/div>\n\t\t<\/div>\n\t\t\t\t\t\t\t<\/div>\n\t\t<\/section>\n\t\t\t\t<section class=\"elementor-section elementor-top-section elementor-element elementor-element-11b34120 elementor-section-full_width elementor-section-height-default elementor-section-height-default\" data-id=\"11b34120\" data-element_type=\"section\">\n\t\t\t\t\t\t<div class=\"elementor-container elementor-column-gap-no\">\n\t\t\t\t\t<div class=\"elementor-column elementor-col-100 elementor-top-column elementor-element elementor-element-4bf256bc\" data-id=\"4bf256bc\" data-element_type=\"column\">\n\t\t\t<div class=\"elementor-widget-wrap elementor-element-populated\">\n\t\t\t\t\t\t\t\t\t<\/div>\n\t\t<\/div>\n\t\t\t\t\t\t\t<\/div>\n\t\t<\/section>\n\t\t\t\t\t\t\t<\/div>\n\t\t","protected":false},"excerpt":{"rendered":"<p>Situ\u00e9e au centre d&#8217;Amn\u00e9ville-les-thermes (Moselle, France) la Villa Sainte-Rose vous accueille en location courte-dur\u00e9e pour vos s\u00e9jours en Lorraine dans un cadre agr\u00e9able. Maison 3 chambres pour 7 personnes. Depuis le grand hall d&#8217;entr\u00e9e vous acc\u00e9dez au premier \u00e9tage par un escalier en marbre majestueux. Le s\u00e9jour spacieux et lumineux, une grande baie vitr\u00e9e donnant [&hellip;]<\/p>\n","protected":false},"author":1,"featured_media":0,"parent":0,"menu_order":0,"comment_status":"closed","ping_status":"closed","template":"","meta":{"footnotes":""},"class_list":["post-41","page","type-page","status-publish","hentry"],"_links":{"self":[{"href":"https:\/\/villasainterose.com\/index.php?rest_route=\/wp\/v2\/pages\/41","targetHints":{"allow":["GET"]}}],"collection":[{"href":"https:\/\/villasainterose.com\/index.php?rest_route=\/wp\/v2\/pages"}],"about":[{"href":"https:\/\/villasainterose.com\/index.php?rest_route=\/wp\/v2\/types\/page"}],"author":[{"embeddable":true,"href":"https:\/\/villasainterose.com\/index.php?rest_route=\/wp\/v2\/users\/1"}],"replies":[{"embeddable":true,"href":"https:\/\/villasainterose.com\/index.php?rest_route=%2Fwp%2Fv2%2Fcomments&post=41"}],"version-history":[{"count":140,"href":"https:\/\/villasainterose.com\/index.php?rest_route=\/wp\/v2\/pages\/41\/revisions"}],"predecessor-version":[{"id":429,"href":"https:\/\/villasainterose.com\/index.php?rest_route=\/wp\/v2\/pages\/41\/revisions\/429"}],"wp:attachment":[{"href":"https:\/\/villasainterose.com\/index.php?rest_route=%2Fwp%2Fv2%2Fmedia&parent=41"}],"curies":[{"name":"wp","href":"https:\/\/api.w.org\/{rel}","templated":true}]}}