{"id":29,"date":"2023-04-04T22:23:24","date_gmt":"2023-04-04T21:23:24","guid":{"rendered":"https:\/\/villasainterose.com\/?page_id=29"},"modified":"2023-04-20T18:43:13","modified_gmt":"2023-04-20T17:43:13","slug":"services","status":"publish","type":"page","link":"https:\/\/villasainterose.com\/?page_id=29","title":{"rendered":"Services"},"content":{"rendered":"\t\t<div data-elementor-type=\"wp-page\" data-elementor-id=\"29\" class=\"elementor elementor-29\">\n\t\t\t\t\t\t\t\t\t<section class=\"elementor-section elementor-top-section elementor-element elementor-element-dddd123 elementor-section-full_width elementor-section-height-default elementor-section-height-default\" data-id=\"dddd123\" data-element_type=\"section\">\n\t\t\t\t\t\t<div class=\"elementor-container elementor-column-gap-default\">\n\t\t\t\t\t<div class=\"elementor-column elementor-col-100 elementor-top-column elementor-element elementor-element-128e3f7a\" data-id=\"128e3f7a\" data-element_type=\"column\">\n\t\t\t<div class=\"elementor-widget-wrap elementor-element-populated\">\n\t\t\t\t\t\t\t\t<div class=\"elementor-element elementor-element-f2a7bd3 elementor-widget elementor-widget-text-editor\" data-id=\"f2a7bd3\" data-element_type=\"widget\" data-widget_type=\"text-editor.default\">\n\t\t\t\t<div class=\"elementor-widget-container\">\n\t\t\t<style>\/*! elementor - v3.12.1 - 02-04-2023 *\/\n.elementor-widget-text-editor.elementor-drop-cap-view-stacked .elementor-drop-cap{background-color:#69727d;color:#fff}.elementor-widget-text-editor.elementor-drop-cap-view-framed .elementor-drop-cap{color:#69727d;border:3px solid;background-color:transparent}.elementor-widget-text-editor:not(.elementor-drop-cap-view-default) .elementor-drop-cap{margin-top:8px}.elementor-widget-text-editor:not(.elementor-drop-cap-view-default) .elementor-drop-cap-letter{width:1em;height:1em}.elementor-widget-text-editor .elementor-drop-cap{float:left;text-align:center;line-height:1;font-size:50px}.elementor-widget-text-editor .elementor-drop-cap-letter{display:inline-block}<\/style>\t\t\t\t<p>Vous s\u00e9journez \u00e0 la Villa Sainte-Rose dans un cadre verdoyant et confortable propice \u00e0 la d\u00e9tente et \u00e0 des instants de plaisir en famille.<\/p>\n<p>Les pi\u00e8ces spacieuses et lumineuses ainsi que l&#8217;ameublement \u00e9pur\u00e9 sont de nature \u00e0 lib\u00e9rer votre esprit et apaiser vos \u00e9motions.<\/p>\n<p>L&#8217;acc\u00e8s autonome au moyen d&#8217;un coffre \u00e0 cl\u00e9 vous permet de vous installer \u00e0 toute heure sans d\u00e9pendre de quiconque.<\/p>\n<p>L&#8217;acc\u00e8s \u00e0 une place de parking privative devant la maison est garanti.<\/p>\n<p>&nbsp;Le linge de lit et serviettes de toilettes fournis, ainsi que le service de nettoyage en fin de s\u00e9jour vous lib\u00e8rent de toute contrainte (en suppl\u00e9ment)<\/p>\n<p>La grande terrasse ainsi que le jardin sont \u00e0 votre disposition pour profiter des journ\u00e9es ensoleill\u00e9es.<\/p>\t\t\t\t\t\t<\/div>\n\t\t\t\t<\/div>\n\t\t\t\t\t<\/div>\n\t\t<\/div>\n\t\t\t\t\t\t\t<\/div>\n\t\t<\/section>\n\t\t\t\t<section class=\"elementor-section elementor-top-section elementor-element elementor-element-1a695596 elementor-section-full_width elementor-section-height-default elementor-section-height-default\" data-id=\"1a695596\" data-element_type=\"section\">\n\t\t\t\t\t\t<div class=\"elementor-container elementor-column-gap-no\">\n\t\t\t\t\t<div class=\"elementor-column elementor-col-100 elementor-top-column elementor-element elementor-element-2e5d51da\" data-id=\"2e5d51da\" data-element_type=\"column\">\n\t\t\t<div class=\"elementor-widget-wrap elementor-element-populated\">\n\t\t\t\t\t\t\t\t<div class=\"elementor-element elementor-element-7aeca5b2 elementor-widget elementor-widget-image\" data-id=\"7aeca5b2\" data-element_type=\"widget\" data-widget_type=\"image.default\">\n\t\t\t\t<div class=\"elementor-widget-container\">\n\t\t\t<style>\/*! elementor - v3.12.1 - 02-04-2023 *\/\n.elementor-widget-image{text-align:center}.elementor-widget-image a{display:inline-block}.elementor-widget-image a img[src$=\".svg\"]{width:48px}.elementor-widget-image img{vertical-align:middle;display:inline-block}<\/style>\t\t\t\t\t\t\t\t\t\t\t\t<img loading=\"lazy\" decoding=\"async\" width=\"800\" height=\"233\" src=\"https:\/\/villasainterose.com\/wp-content\/uploads\/2023\/04\/Nutrition_Consultant_services_img_1-1024x298.jpg\" class=\"attachment-large size-large wp-image-30\" alt=\"\" srcset=\"https:\/\/villasainterose.com\/wp-content\/uploads\/2023\/04\/Nutrition_Consultant_services_img_1-1024x298.jpg 1024w, https:\/\/villasainterose.com\/wp-content\/uploads\/2023\/04\/Nutrition_Consultant_services_img_1-300x87.jpg 300w, https:\/\/villasainterose.com\/wp-content\/uploads\/2023\/04\/Nutrition_Consultant_services_img_1-768x223.jpg 768w, https:\/\/villasainterose.com\/wp-content\/uploads\/2023\/04\/Nutrition_Consultant_services_img_1-1536x447.jpg 1536w, https:\/\/villasainterose.com\/wp-content\/uploads\/2023\/04\/Nutrition_Consultant_services_img_1.jpg 1720w\" sizes=\"auto, (max-width: 800px) 100vw, 800px\" \/>\t\t\t\t\t\t\t\t\t\t\t\t\t\t\t<\/div>\n\t\t\t\t<\/div>\n\t\t\t\t\t<\/div>\n\t\t<\/div>\n\t\t\t\t\t\t\t<\/div>\n\t\t<\/section>\n\t\t\t\t<section class=\"elementor-section elementor-top-section elementor-element elementor-element-667f0d5e elementor-section-full_width elementor-section-height-default elementor-section-height-default\" data-id=\"667f0d5e\" data-element_type=\"section\">\n\t\t\t\t\t\t<div class=\"elementor-container elementor-column-gap-default\">\n\t\t\t\t\t<div class=\"elementor-column elementor-col-100 elementor-top-column elementor-element elementor-element-1f40f20\" data-id=\"1f40f20\" data-element_type=\"column\">\n\t\t\t<div class=\"elementor-widget-wrap\">\n\t\t\t\t\t\t\t\t\t<\/div>\n\t\t<\/div>\n\t\t\t\t\t\t\t<\/div>\n\t\t<\/section>\n\t\t\t\t<section class=\"elementor-section elementor-top-section elementor-element elementor-element-4c96944d elementor-section-full_width elementor-section-height-default elementor-section-height-default\" data-id=\"4c96944d\" data-element_type=\"section\">\n\t\t\t\t\t\t<div class=\"elementor-container elementor-column-gap-default\">\n\t\t\t\t\t<div class=\"elementor-column elementor-col-100 elementor-top-column elementor-element elementor-element-33103f35\" data-id=\"33103f35\" data-element_type=\"column\">\n\t\t\t<div class=\"elementor-widget-wrap elementor-element-populated\">\n\t\t\t\t\t\t\t\t<div class=\"elementor-element elementor-element-4f9d107 elementor-widget__width-initial elementor-widget elementor-widget-text-path\" data-id=\"4f9d107\" data-element_type=\"widget\" data-settings=\"{&quot;text&quot;:&quot;Une Villa o\\u00f9 on se sent mieux que chez soi!&quot;,&quot;text_path_direction&quot;:&quot;ltr&quot;,&quot;align&quot;:&quot;left&quot;,&quot;link&quot;:{&quot;url&quot;:&quot;&quot;,&quot;is_external&quot;:&quot;&quot;,&quot;nofollow&quot;:&quot;&quot;,&quot;custom_attributes&quot;:&quot;&quot;},&quot;start_point&quot;:{&quot;unit&quot;:&quot;%&quot;,&quot;size&quot;:0,&quot;sizes&quot;:[]}}\" data-widget_type=\"text-path.default\">\n\t\t\t\t<div class=\"elementor-widget-container\">\n\t\t\t\t\t<div class=\"e-text-path\" data-text=\"Une Villa o\u00f9 on se sent mieux que chez soi!\" data-url=\"\/\/villasainterose.com\/wp-content\/uploads\/2023\/04\/Nutrition_path.svg\" data-link-url=\"\"><\/div>\n\t\t\t\t<\/div>\n\t\t\t\t<\/div>\n\t\t\t\t\t<\/div>\n\t\t<\/div>\n\t\t\t\t\t\t\t<\/div>\n\t\t<\/section>\n\t\t\t\t<section class=\"elementor-section elementor-top-section elementor-element elementor-element-12d463ef elementor-section-full_width elementor-section-height-default elementor-section-height-default\" data-id=\"12d463ef\" data-element_type=\"section\">\n\t\t\t\t\t\t<div class=\"elementor-container elementor-column-gap-no\">\n\t\t\t\t\t<div class=\"elementor-column elementor-col-100 elementor-top-column elementor-element elementor-element-4b2d901\" data-id=\"4b2d901\" data-element_type=\"column\">\n\t\t\t<div class=\"elementor-widget-wrap\">\n\t\t\t\t\t\t\t\t\t<\/div>\n\t\t<\/div>\n\t\t\t\t\t\t\t<\/div>\n\t\t<\/section>\n\t\t\t\t\t\t\t<\/div>\n\t\t","protected":false},"excerpt":{"rendered":"<p>Vous s\u00e9journez \u00e0 la Villa Sainte-Rose dans un cadre verdoyant et confortable propice \u00e0 la d\u00e9tente et \u00e0 des instants de plaisir en famille. Les pi\u00e8ces spacieuses et lumineuses ainsi que l&#8217;ameublement \u00e9pur\u00e9 sont de nature \u00e0 lib\u00e9rer votre esprit et apaiser vos \u00e9motions. L&#8217;acc\u00e8s autonome au moyen d&#8217;un coffre \u00e0 cl\u00e9 vous permet de [&hellip;]<\/p>\n","protected":false},"author":1,"featured_media":0,"parent":0,"menu_order":0,"comment_status":"closed","ping_status":"closed","template":"elementor_header_footer","meta":{"footnotes":""},"class_list":["post-29","page","type-page","status-publish","hentry"],"_links":{"self":[{"href":"https:\/\/villasainterose.com\/index.php?rest_route=\/wp\/v2\/pages\/29","targetHints":{"allow":["GET"]}}],"collection":[{"href":"https:\/\/villasainterose.com\/index.php?rest_route=\/wp\/v2\/pages"}],"about":[{"href":"https:\/\/villasainterose.com\/index.php?rest_route=\/wp\/v2\/types\/page"}],"author":[{"embeddable":true,"href":"https:\/\/villasainterose.com\/index.php?rest_route=\/wp\/v2\/users\/1"}],"replies":[{"embeddable":true,"href":"https:\/\/villasainterose.com\/index.php?rest_route=%2Fwp%2Fv2%2Fcomments&post=29"}],"version-history":[{"count":27,"href":"https:\/\/villasainterose.com\/index.php?rest_route=\/wp\/v2\/pages\/29\/revisions"}],"predecessor-version":[{"id":268,"href":"https:\/\/villasainterose.com\/index.php?rest_route=\/wp\/v2\/pages\/29\/revisions\/268"}],"wp:attachment":[{"href":"https:\/\/villasainterose.com\/index.php?rest_route=%2Fwp%2Fv2%2Fmedia&parent=29"}],"curies":[{"name":"wp","href":"https:\/\/api.w.org\/{rel}","templated":true}]}}