{"id":19,"date":"2023-04-04T22:23:17","date_gmt":"2023-04-04T21:23:17","guid":{"rendered":"https:\/\/villasainterose.com\/?page_id=19"},"modified":"2023-04-20T21:22:21","modified_gmt":"2023-04-20T20:22:21","slug":"about","status":"publish","type":"page","link":"https:\/\/villasainterose.com\/?page_id=19","title":{"rendered":"Situation"},"content":{"rendered":"\t\t<div data-elementor-type=\"wp-page\" data-elementor-id=\"19\" class=\"elementor elementor-19\">\n\t\t\t\t\t\t\t\t\t<section class=\"elementor-section elementor-top-section elementor-element elementor-element-6623d145 elementor-section-full_width elementor-section-height-default elementor-section-height-default\" data-id=\"6623d145\" data-element_type=\"section\">\n\t\t\t\t\t\t<div class=\"elementor-container elementor-column-gap-default\">\n\t\t\t\t\t<div class=\"elementor-column elementor-col-100 elementor-top-column elementor-element elementor-element-6b4de8c9\" data-id=\"6b4de8c9\" data-element_type=\"column\">\n\t\t\t<div class=\"elementor-widget-wrap elementor-element-populated\">\n\t\t\t\t\t\t\t\t<div class=\"elementor-element elementor-element-58a5cf24 elementor-widget elementor-widget-heading\" data-id=\"58a5cf24\" data-element_type=\"widget\" data-widget_type=\"heading.default\">\n\t\t\t\t<div class=\"elementor-widget-container\">\n\t\t\t<style>\/*! elementor - v3.12.1 - 02-04-2023 *\/\n.elementor-heading-title{padding:0;margin:0;line-height:1}.elementor-widget-heading .elementor-heading-title[class*=elementor-size-]>a{color:inherit;font-size:inherit;line-height:inherit}.elementor-widget-heading .elementor-heading-title.elementor-size-small{font-size:15px}.elementor-widget-heading .elementor-heading-title.elementor-size-medium{font-size:19px}.elementor-widget-heading .elementor-heading-title.elementor-size-large{font-size:29px}.elementor-widget-heading .elementor-heading-title.elementor-size-xl{font-size:39px}.elementor-widget-heading .elementor-heading-title.elementor-size-xxl{font-size:59px}<\/style><h1 class=\"elementor-heading-title elementor-size-default\">Bienvenue \u00e0 Amn\u00e9ville-les-thermes<\/h1>\t\t<\/div>\n\t\t\t\t<\/div>\n\t\t\t\t<div class=\"elementor-element elementor-element-88ff9dc elementor-widget elementor-widget-google_maps\" data-id=\"88ff9dc\" data-element_type=\"widget\" data-widget_type=\"google_maps.default\">\n\t\t\t\t<div class=\"elementor-widget-container\">\n\t\t\t<style>\/*! elementor - v3.12.1 - 02-04-2023 *\/\n.elementor-widget-google_maps .elementor-widget-container{overflow:hidden}.elementor-widget-google_maps .elementor-custom-embed{line-height:0}.elementor-widget-google_maps iframe{height:300px}<\/style>\t\t<div class=\"elementor-custom-embed\">\n\t\t\t<iframe loading=\"lazy\"\n\t\t\t\t\tsrc=\"https:\/\/maps.google.com\/maps?q=rue%20charles%20p%C3%A9guy%20amn%C3%A9ville&#038;t=m&#038;z=10&#038;output=embed&#038;iwloc=near\"\n\t\t\t\t\ttitle=\"rue charles p\u00e9guy amn\u00e9ville\"\n\t\t\t\t\taria-label=\"rue charles p\u00e9guy amn\u00e9ville\"\n\t\t\t><\/iframe>\n\t\t<\/div>\n\t\t\t\t<\/div>\n\t\t\t\t<\/div>\n\t\t\t\t\t<\/div>\n\t\t<\/div>\n\t\t\t\t\t\t\t<\/div>\n\t\t<\/section>\n\t\t\t\t<section class=\"elementor-section elementor-top-section elementor-element elementor-element-2fc9c6c0 elementor-section-full_width elementor-reverse-tablet elementor-reverse-mobile elementor-section-height-default elementor-section-height-default\" data-id=\"2fc9c6c0\" data-element_type=\"section\">\n\t\t\t\t\t\t<div class=\"elementor-container elementor-column-gap-wider\">\n\t\t\t\t\t<div class=\"elementor-column elementor-col-50 elementor-top-column elementor-element elementor-element-5fed6543\" data-id=\"5fed6543\" data-element_type=\"column\">\n\t\t\t<div class=\"elementor-widget-wrap elementor-element-populated\">\n\t\t\t\t\t\t\t\t<div class=\"elementor-element elementor-element-3226fac3 elementor-widget elementor-widget-image\" data-id=\"3226fac3\" data-element_type=\"widget\" data-widget_type=\"image.default\">\n\t\t\t\t<div class=\"elementor-widget-container\">\n\t\t\t<style>\/*! elementor - v3.12.1 - 02-04-2023 *\/\n.elementor-widget-image{text-align:center}.elementor-widget-image a{display:inline-block}.elementor-widget-image a img[src$=\".svg\"]{width:48px}.elementor-widget-image img{vertical-align:middle;display:inline-block}<\/style>\t\t\t\t\t\t\t\t\t\t\t\t\t<a href=\"https:\/\/amneville.com\/decouvrir-la-cite-des-loisirs-2\/carte-interactive-de-la-cite-des-loisirs-sejour\/\">\n\t\t\t\t\t\t\t<img decoding=\"async\" src=\"https:\/\/www.hotel-marso.com\/media\/cache\/jadro_resize\/rc\/XKYODynR1629289635\/jadroRoot\/medias\/plan-amneville-2017.jpg\" title=\"\" alt=\"\" loading=\"lazy\" \/>\t\t\t\t\t\t\t\t<\/a>\n\t\t\t\t\t\t\t\t\t\t\t\t\t\t\t<\/div>\n\t\t\t\t<\/div>\n\t\t\t\t\t<\/div>\n\t\t<\/div>\n\t\t\t\t<div class=\"elementor-column elementor-col-50 elementor-top-column elementor-element elementor-element-5d4067a0\" data-id=\"5d4067a0\" data-element_type=\"column\">\n\t\t\t<div class=\"elementor-widget-wrap elementor-element-populated\">\n\t\t\t\t\t\t\t\t<div class=\"elementor-element elementor-element-7cc9be elementor-widget elementor-widget-heading\" data-id=\"7cc9be\" data-element_type=\"widget\" data-widget_type=\"heading.default\">\n\t\t\t\t<div class=\"elementor-widget-container\">\n\t\t\t<h2 class=\"elementor-heading-title elementor-size-default\">Au coeur de la moselle, la cit\u00e9 des loisirs vous ouvre ses portes<\/h2>\t\t<\/div>\n\t\t\t\t<\/div>\n\t\t\t\t<div class=\"elementor-element elementor-element-5f47385 elementor-widget elementor-widget-text-editor\" data-id=\"5f47385\" data-element_type=\"widget\" data-widget_type=\"text-editor.default\">\n\t\t\t\t<div class=\"elementor-widget-container\">\n\t\t\t<style>\/*! elementor - v3.12.1 - 02-04-2023 *\/\n.elementor-widget-text-editor.elementor-drop-cap-view-stacked .elementor-drop-cap{background-color:#69727d;color:#fff}.elementor-widget-text-editor.elementor-drop-cap-view-framed .elementor-drop-cap{color:#69727d;border:3px solid;background-color:transparent}.elementor-widget-text-editor:not(.elementor-drop-cap-view-default) .elementor-drop-cap{margin-top:8px}.elementor-widget-text-editor:not(.elementor-drop-cap-view-default) .elementor-drop-cap-letter{width:1em;height:1em}.elementor-widget-text-editor .elementor-drop-cap{float:left;text-align:center;line-height:1;font-size:50px}.elementor-widget-text-editor .elementor-drop-cap-letter{display:inline-block}<\/style>\t\t\t\t<p>La villa se situe dans le quartier r\u00e9sidentiel derri\u00e8re l&#8217;H\u00f4tel de Ville. A peine 2 minutes en voiture vous suffiront pour rejoindre la Cit\u00e9 des Loisirs. Vous y d\u00e9couvrirez:<\/p>\t\t\t\t\t\t<\/div>\n\t\t\t\t<\/div>\n\t\t\t\t<div class=\"elementor-element elementor-element-2d58e9ed elementor-widget elementor-widget-text-editor\" data-id=\"2d58e9ed\" data-element_type=\"widget\" data-widget_type=\"text-editor.default\">\n\t\t\t\t<div class=\"elementor-widget-container\">\n\t\t\t\t\t\t\t<ul><li>Le centre thermal qui vous propose 3 \u00e9tablissements de d\u00e9tente et soins aquatiques: Thermapolis, Villa Pomp\u00e9i et Les Thermes Saint Eloi<\/li><li>Un large choix de restaurants, bars et discoth\u00e8ques<\/li><li>Le tr\u00e8s \u00e9l\u00e9gant Casino Seven<\/li><li>Le magnifique Zoo pr\u00e9sentant 2000 esp\u00e8ces de 5 continents<\/li><li>La piscine olympique et la patinoire<\/li><li>Le cin\u00e9ma multiplex Gaumont<\/li><li>Le bowling<\/li><li>La salle de concert &#8220;Le Galaxie&#8221;<\/li><li>La piste de ski int\u00e9rieure Snowhall\u00a0<\/li><li>Les parcours randonn\u00e9e en for\u00eat et le lac<\/li><\/ul>\t\t\t\t\t\t<\/div>\n\t\t\t\t<\/div>\n\t\t\t\t\t<\/div>\n\t\t<\/div>\n\t\t\t\t\t\t\t<\/div>\n\t\t<\/section>\n\t\t\t\t<section class=\"elementor-section elementor-top-section elementor-element elementor-element-5956a7f2 elementor-section-boxed elementor-section-height-default elementor-section-height-default\" data-id=\"5956a7f2\" data-element_type=\"section\">\n\t\t\t\t\t\t<div class=\"elementor-container elementor-column-gap-default\">\n\t\t\t\t\t<div class=\"elementor-column elementor-col-100 elementor-top-column elementor-element elementor-element-5655249f\" data-id=\"5655249f\" data-element_type=\"column\">\n\t\t\t<div class=\"elementor-widget-wrap elementor-element-populated\">\n\t\t\t\t\t\t\t\t<div class=\"elementor-element elementor-element-40982667 elementor-widget elementor-widget-heading\" data-id=\"40982667\" data-element_type=\"widget\" data-widget_type=\"heading.default\">\n\t\t\t\t<div class=\"elementor-widget-container\">\n\t\t\t<h4 class=\"elementor-heading-title elementor-size-default\"><a href=\"https:\/\/amneville.com\/\">Plus d'informations sur <u>https:\/\/amneville.com\/<\/u><\/a><\/h4>\t\t<\/div>\n\t\t\t\t<\/div>\n\t\t\t\t\t<\/div>\n\t\t<\/div>\n\t\t\t\t\t\t\t<\/div>\n\t\t<\/section>\n\t\t\t\t<section class=\"elementor-section elementor-top-section elementor-element elementor-element-4d63cd8a elementor-section-full_width elementor-section-height-default elementor-section-height-default\" data-id=\"4d63cd8a\" data-element_type=\"section\">\n\t\t\t\t\t\t<div class=\"elementor-container elementor-column-gap-no\">\n\t\t\t\t\t<div class=\"elementor-column elementor-col-100 elementor-top-column elementor-element elementor-element-3b11996\" data-id=\"3b11996\" data-element_type=\"column\">\n\t\t\t<div class=\"elementor-widget-wrap elementor-element-populated\">\n\t\t\t\t\t\t\t\t<div class=\"elementor-element elementor-element-5cc19a86 elementor-widget elementor-widget-image\" data-id=\"5cc19a86\" data-element_type=\"widget\" data-widget_type=\"image.default\">\n\t\t\t\t<div class=\"elementor-widget-container\">\n\t\t\t\t\t\t\t\t\t\t\t\t\t\t\t\t<a href=\"https:\/\/amneville.com\/\">\n\t\t\t\t\t\t\t<img loading=\"lazy\" decoding=\"async\" width=\"700\" height=\"360\" src=\"https:\/\/villasainterose.com\/wp-content\/uploads\/2023\/04\/visuels-spl-destination-amneville.jpg\" class=\"attachment-medium_large size-medium_large wp-image-85\" alt=\"\" srcset=\"https:\/\/villasainterose.com\/wp-content\/uploads\/2023\/04\/visuels-spl-destination-amneville.jpg 700w, https:\/\/villasainterose.com\/wp-content\/uploads\/2023\/04\/visuels-spl-destination-amneville-300x154.jpg 300w\" sizes=\"auto, (max-width: 700px) 100vw, 700px\" \/>\t\t\t\t\t\t\t\t<\/a>\n\t\t\t\t\t\t\t\t\t\t\t\t\t\t\t<\/div>\n\t\t\t\t<\/div>\n\t\t\t\t\t<\/div>\n\t\t<\/div>\n\t\t\t\t\t\t\t<\/div>\n\t\t<\/section>\n\t\t\t\t\t\t\t<\/div>\n\t\t","protected":false},"excerpt":{"rendered":"<p>Bienvenue \u00e0 Amn\u00e9ville-les-thermes Au coeur de la moselle, la cit\u00e9 des loisirs vous ouvre ses portes La villa se situe dans le quartier r\u00e9sidentiel derri\u00e8re l&#8217;H\u00f4tel de Ville. A peine 2 minutes en voiture vous suffiront pour rejoindre la Cit\u00e9 des Loisirs. Vous y d\u00e9couvrirez: Le centre thermal qui vous propose 3 \u00e9tablissements de d\u00e9tente [&hellip;]<\/p>\n","protected":false},"author":1,"featured_media":0,"parent":0,"menu_order":0,"comment_status":"closed","ping_status":"closed","template":"elementor_header_footer","meta":{"footnotes":""},"class_list":["post-19","page","type-page","status-publish","hentry"],"_links":{"self":[{"href":"https:\/\/villasainterose.com\/index.php?rest_route=\/wp\/v2\/pages\/19","targetHints":{"allow":["GET"]}}],"collection":[{"href":"https:\/\/villasainterose.com\/index.php?rest_route=\/wp\/v2\/pages"}],"about":[{"href":"https:\/\/villasainterose.com\/index.php?rest_route=\/wp\/v2\/types\/page"}],"author":[{"embeddable":true,"href":"https:\/\/villasainterose.com\/index.php?rest_route=\/wp\/v2\/users\/1"}],"replies":[{"embeddable":true,"href":"https:\/\/villasainterose.com\/index.php?rest_route=%2Fwp%2Fv2%2Fcomments&post=19"}],"version-history":[{"count":34,"href":"https:\/\/villasainterose.com\/index.php?rest_route=\/wp\/v2\/pages\/19\/revisions"}],"predecessor-version":[{"id":374,"href":"https:\/\/villasainterose.com\/index.php?rest_route=\/wp\/v2\/pages\/19\/revisions\/374"}],"wp:attachment":[{"href":"https:\/\/villasainterose.com\/index.php?rest_route=%2Fwp%2Fv2%2Fmedia&parent=19"}],"curies":[{"name":"wp","href":"https:\/\/api.w.org\/{rel}","templated":true}]}}